{"id":1995,"date":"2023-12-05T19:21:43","date_gmt":"2023-12-05T18:21:43","guid":{"rendered":"https:\/\/poolkonfigurator.com\/?page_id=1995"},"modified":"2025-09-30T20:05:50","modified_gmt":"2025-09-30T19:05:50","slug":"impressum","status":"publish","type":"page","link":"https:\/\/poolkonfigurator.com\/de\/impressum\/","title":{"rendered":"Impressum"},"content":{"rendered":"\t\t<div data-elementor-type=\"wp-page\" data-elementor-id=\"1995\" class=\"elementor elementor-1995\" data-elementor-post-type=\"page\">\n\t\t\t\t\t\t\t\t\t<section class=\"elementor-section elementor-top-section elementor-element elementor-element-91f7528 elementor-section-height-min-height elementor-section-full_width elementor-section-height-default elementor-section-items-middle\" data-id=\"91f7528\" data-element_type=\"section\" data-settings=\"{&quot;background_background&quot;:&quot;classic&quot;}\">\n\t\t\t\t\t\t\t<div class=\"elementor-background-overlay\"><\/div>\n\t\t\t\t\t\t\t<div class=\"elementor-container elementor-column-gap-no\">\n\t\t\t\t\t<div class=\"elementor-column elementor-col-100 elementor-top-column elementor-element elementor-element-d987393\" data-id=\"d987393\" data-element_type=\"column\">\n\t\t\t<div class=\"elementor-widget-wrap elementor-element-populated\">\n\t\t\t\t\t\t\t\t<div class=\"elementor-element elementor-element-ec21794 elementor-widget elementor-widget-spacer\" data-id=\"ec21794\" data-element_type=\"widget\" data-widget_type=\"spacer.default\">\n\t\t\t\t<div class=\"elementor-widget-container\">\n\t\t\t<style>\/*! elementor - v3.18.0 - 06-12-2023 *\/\n.elementor-column .elementor-spacer-inner{height:var(--spacer-size)}.e-con{--container-widget-width:100%}.e-con-inner>.elementor-widget-spacer,.e-con>.elementor-widget-spacer{width:var(--container-widget-width,var(--spacer-size));--align-self:var(--container-widget-align-self,initial);--flex-shrink:0}.e-con-inner>.elementor-widget-spacer>.elementor-widget-container,.e-con>.elementor-widget-spacer>.elementor-widget-container{height:100%;width:100%}.e-con-inner>.elementor-widget-spacer>.elementor-widget-container>.elementor-spacer,.e-con>.elementor-widget-spacer>.elementor-widget-container>.elementor-spacer{height:100%}.e-con-inner>.elementor-widget-spacer>.elementor-widget-container>.elementor-spacer>.elementor-spacer-inner,.e-con>.elementor-widget-spacer>.elementor-widget-container>.elementor-spacer>.elementor-spacer-inner{height:var(--container-widget-height,var(--spacer-size))}.e-con-inner>.elementor-widget-spacer.elementor-widget-empty,.e-con>.elementor-widget-spacer.elementor-widget-empty{position:relative;min-height:22px;min-width:22px}.e-con-inner>.elementor-widget-spacer.elementor-widget-empty .elementor-widget-empty-icon,.e-con>.elementor-widget-spacer.elementor-widget-empty .elementor-widget-empty-icon{position:absolute;top:0;bottom:0;left:0;right:0;margin:auto;padding:0;width:22px;height:22px}<\/style>\t\t<div class=\"elementor-spacer\">\n\t\t\t<div class=\"elementor-spacer-inner\"><\/div>\n\t\t<\/div>\n\t\t\t\t<\/div>\n\t\t\t\t<\/div>\n\t\t\t\t\t<\/div>\n\t\t<\/div>\n\t\t\t\t\t\t\t<\/div>\n\t\t<\/section>\n\t\t\t\t<section class=\"elementor-section elementor-top-section elementor-element elementor-element-eff9aee elementor-section-boxed elementor-section-height-default elementor-section-height-default\" data-id=\"eff9aee\" data-element_type=\"section\">\n\t\t\t\t\t\t\t<div class=\"elementor-background-overlay\"><\/div>\n\t\t\t\t\t\t\t<div class=\"elementor-container elementor-column-gap-default\">\n\t\t\t\t\t<div class=\"elementor-column elementor-col-100 elementor-top-column elementor-element elementor-element-e0d7b2f\" data-id=\"e0d7b2f\" data-element_type=\"column\">\n\t\t\t<div class=\"elementor-widget-wrap elementor-element-populated\">\n\t\t\t\t\t\t\t\t<div class=\"elementor-element elementor-element-1b9a8a2 elementor-widget__width-auto elementor-absolute e-transform elementor-hidden-tablet elementor-hidden-mobile elementor-invisible elementor-widget elementor-widget-image\" data-id=\"1b9a8a2\" data-element_type=\"widget\" data-settings=\"{&quot;_position&quot;:&quot;absolute&quot;,&quot;_transform_scale_effect_hover&quot;:{&quot;unit&quot;:&quot;px&quot;,&quot;size&quot;:1.1,&quot;sizes&quot;:[]},&quot;_animation&quot;:&quot;fadeInLeft&quot;,&quot;_transform_scale_effect_hover_tablet&quot;:{&quot;unit&quot;:&quot;px&quot;,&quot;size&quot;:&quot;&quot;,&quot;sizes&quot;:[]},&quot;_transform_scale_effect_hover_mobile&quot;:{&quot;unit&quot;:&quot;px&quot;,&quot;size&quot;:&quot;&quot;,&quot;sizes&quot;:[]}}\" data-widget_type=\"image.default\">\n\t\t\t\t<div class=\"elementor-widget-container\">\n\t\t\t<style>\/*! elementor - v3.18.0 - 06-12-2023 *\/\n.elementor-widget-image{text-align:center}.elementor-widget-image a{display:inline-block}.elementor-widget-image a img[src$=\".svg\"]{width:48px}.elementor-widget-image img{vertical-align:middle;display:inline-block}<\/style>\t\t\t\t\t\t\t\t\t\t\t\t<img decoding=\"async\" width=\"139\" height=\"139\" src=\"https:\/\/poolkonfigurator.com\/de\/wp-content\/uploads\/2023\/10\/ellipse-blue-1.png\" class=\"attachment-full size-full wp-image-149\" alt=\"\" \/>\t\t\t\t\t\t\t\t\t\t\t\t\t\t\t<\/div>\n\t\t\t\t<\/div>\n\t\t\t\t<div class=\"elementor-element elementor-element-6959832 elementor-widget__width-auto elementor-absolute e-transform elementor-hidden-tablet elementor-hidden-mobile elementor-invisible elementor-widget elementor-widget-image\" data-id=\"6959832\" data-element_type=\"widget\" data-settings=\"{&quot;_position&quot;:&quot;absolute&quot;,&quot;_transform_skewX_effect_hover&quot;:{&quot;unit&quot;:&quot;px&quot;,&quot;size&quot;:5,&quot;sizes&quot;:[]},&quot;_animation&quot;:&quot;fadeInLeft&quot;,&quot;_transform_skewX_effect_hover_tablet&quot;:{&quot;unit&quot;:&quot;deg&quot;,&quot;size&quot;:&quot;&quot;,&quot;sizes&quot;:[]},&quot;_transform_skewX_effect_hover_mobile&quot;:{&quot;unit&quot;:&quot;deg&quot;,&quot;size&quot;:&quot;&quot;,&quot;sizes&quot;:[]},&quot;_transform_skewY_effect_hover&quot;:{&quot;unit&quot;:&quot;px&quot;,&quot;size&quot;:&quot;&quot;,&quot;sizes&quot;:[]},&quot;_transform_skewY_effect_hover_tablet&quot;:{&quot;unit&quot;:&quot;deg&quot;,&quot;size&quot;:&quot;&quot;,&quot;sizes&quot;:[]},&quot;_transform_skewY_effect_hover_mobile&quot;:{&quot;unit&quot;:&quot;deg&quot;,&quot;size&quot;:&quot;&quot;,&quot;sizes&quot;:[]}}\" data-widget_type=\"image.default\">\n\t\t\t\t<div class=\"elementor-widget-container\">\n\t\t\t\t\t\t\t\t\t\t\t\t\t\t\t<img decoding=\"async\" width=\"41\" height=\"83\" src=\"https:\/\/poolkonfigurator.com\/de\/wp-content\/uploads\/2023\/10\/design-element-1.png\" class=\"attachment-full size-full wp-image-147\" alt=\"\" \/>\t\t\t\t\t\t\t\t\t\t\t\t\t\t\t<\/div>\n\t\t\t\t<\/div>\n\t\t\t\t<section class=\"elementor-section elementor-inner-section elementor-element elementor-element-48500a7 elementor-section-boxed elementor-section-height-default elementor-section-height-default\" data-id=\"48500a7\" data-element_type=\"section\">\n\t\t\t\t\t\t<div class=\"elementor-container elementor-column-gap-no\">\n\t\t\t\t\t<div class=\"elementor-column elementor-col-100 elementor-inner-column elementor-element elementor-element-ae3a960\" data-id=\"ae3a960\" data-element_type=\"column\">\n\t\t\t<div class=\"elementor-widget-wrap elementor-element-populated\">\n\t\t\t\t\t\t\t\t<div class=\"elementor-element elementor-element-1efbef5 elementor-widget elementor-widget-heading\" data-id=\"1efbef5\" data-element_type=\"widget\" data-widget_type=\"heading.default\">\n\t\t\t\t<div class=\"elementor-widget-container\">\n\t\t\t<style>\/*! elementor - v3.18.0 - 06-12-2023 *\/\n.elementor-heading-title{padding:0;margin:0;line-height:1}.elementor-widget-heading .elementor-heading-title[class*=elementor-size-]>a{color:inherit;font-size:inherit;line-height:inherit}.elementor-widget-heading .elementor-heading-title.elementor-size-small{font-size:15px}.elementor-widget-heading .elementor-heading-title.elementor-size-medium{font-size:19px}.elementor-widget-heading .elementor-heading-title.elementor-size-large{font-size:29px}.elementor-widget-heading .elementor-heading-title.elementor-size-xl{font-size:39px}.elementor-widget-heading .elementor-heading-title.elementor-size-xxl{font-size:59px}<\/style><h2 class=\"elementor-heading-title elementor-size-default\">Impressum<\/h2>\t\t<\/div>\n\t\t\t\t<\/div>\n\t\t\t\t<div class=\"elementor-element elementor-element-21f4272 elementor-hidden-tablet elementor-widget elementor-widget-text-editor\" data-id=\"21f4272\" data-element_type=\"widget\" data-widget_type=\"text-editor.default\">\n\t\t\t\t<div class=\"elementor-widget-container\">\n\t\t\t<style>\/*! elementor - v3.18.0 - 06-12-2023 *\/\n.elementor-widget-text-editor.elementor-drop-cap-view-stacked .elementor-drop-cap{background-color:#69727d;color:#fff}.elementor-widget-text-editor.elementor-drop-cap-view-framed .elementor-drop-cap{color:#69727d;border:3px solid;background-color:transparent}.elementor-widget-text-editor:not(.elementor-drop-cap-view-default) .elementor-drop-cap{margin-top:8px}.elementor-widget-text-editor:not(.elementor-drop-cap-view-default) .elementor-drop-cap-letter{width:1em;height:1em}.elementor-widget-text-editor .elementor-drop-cap{float:left;text-align:center;line-height:1;font-size:50px}.elementor-widget-text-editor .elementor-drop-cap-letter{display:inline-block}<\/style>\t\t\t\t\t\t\t\t\t\t<\/div>\n\t\t\t\t<\/div>\n\t\t\t\t<section class=\"elementor-section elementor-inner-section elementor-element elementor-element-e656c9b elementor-section-boxed elementor-section-height-default elementor-section-height-default elementor-invisible\" data-id=\"e656c9b\" data-element_type=\"section\" data-settings=\"{&quot;animation&quot;:&quot;fadeInUp&quot;}\">\n\t\t\t\t\t\t<div class=\"elementor-container elementor-column-gap-no\">\n\t\t\t\t\t<div class=\"elementor-column elementor-col-100 elementor-inner-column elementor-element elementor-element-ca19921\" data-id=\"ca19921\" data-element_type=\"column\">\n\t\t\t<div class=\"elementor-widget-wrap elementor-element-populated\">\n\t\t\t\t\t\t\t\t<div class=\"elementor-element elementor-element-f5073c0 elementor-widget elementor-widget-text-editor\" data-id=\"f5073c0\" data-element_type=\"widget\" data-widget_type=\"text-editor.default\">\n\t\t\t\t<div class=\"elementor-widget-container\">\n\t\t\t\t\t\t\t<h6><strong><span class=\"wixui-rich-text__text\" style=\"background: transparent; border: 0px; margin: 0px; outline: 0px; padding: 0px; vertical-align: baseline; color: #000000; font-size: 16px; text-align: center; font-family: wfont_f8b99d_b8c8ef18cf6e459aa940ee21cf46b140, wf_b8c8ef18cf6e459aa940ee21c, orig_klavika_basic_medium;\">\u00a0 \u00a0Firma : Napooleon FlexCo<\/span><\/strong><\/h6><p><span style=\"color: #000000; font-family: wfont_f8b99d_465a30c465904982b1a0dd43561a8c73, wf_465a30c465904982b1a0dd435, orig_klavika_basic_light; font-size: 16px; text-align: center;\">\u00a0 \u00a0Thomas scheider gasse 9\/3<\/span><\/p><p><span style=\"color: #000000; font-family: wfont_f8b99d_465a30c465904982b1a0dd43561a8c73, wf_465a30c465904982b1a0dd435, orig_klavika_basic_light; font-size: 16px; text-align: center;\">\u00a0 \u00a02201 Gerasdorf bei Wien<\/span><\/p><p><span style=\"color: #000000; font-family: wfont_f8b99d_465a30c465904982b1a0dd43561a8c73, wf_465a30c465904982b1a0dd435, orig_klavika_basic_light; font-size: 16px; text-align: center;\">\u00a0 \u00a0<\/span><\/p><p><span style=\"color: #000000; font-family: wfont_f8b99d_465a30c465904982b1a0dd43561a8c73, wf_465a30c465904982b1a0dd435, orig_klavika_basic_light; font-size: 16px; text-align: center;\">\u00a0 \u00a0Firmenbuchnummer : 662555x <\/span><\/p><p><span style=\"color: #000000; font-family: wfont_f8b99d_465a30c465904982b1a0dd43561a8c73, wf_465a30c465904982b1a0dd435, orig_klavika_basic_light; font-size: 16px; text-align: center;\">\u00a0 \u00a0UID : ATU82503523<\/span><\/p><p><span style=\"color: #000000; font-family: wfont_f8b99d_465a30c465904982b1a0dd43561a8c73, wf_465a30c465904982b1a0dd435, orig_klavika_basic_light; font-size: 16px; text-align: center;\">\u00a0 \u00a0Handelsgericht Korneuburg<\/span><\/p><p><img decoding=\"async\" class=\"alignnone wp-image-4711\" src=\"https:\/\/poolkonfigurator.at\/wp-content\/uploads\/2025\/09\/Capture-decran-2025-09-30-a-20.11.47-300x39.png\" alt=\"\" width=\"216\" height=\"28\" \/><\/p><p><strong><span class=\"wixui-rich-text__text\" style=\"background: transparent; border: 0px; margin: 0px; outline: 0px; padding: 0px; vertical-align: baseline; color: #000000; font-size: 16px; text-align: center; font-family: wfont_f8b99d_b8c8ef18cf6e459aa940ee21cf46b140, wf_b8c8ef18cf6e459aa940ee21c, orig_klavika_basic_medium;\">Urheber- und Kennzeichenrechte<\/span><\/strong><br class=\"wixui-rich-text__text\" style=\"color: #000000; font-family: wfont_f8b99d_465a30c465904982b1a0dd43561a8c73, wf_465a30c465904982b1a0dd435, orig_klavika_basic_light; font-size: 16px; text-align: center;\" \/><span style=\"color: #000000; font-family: wfont_f8b99d_465a30c465904982b1a0dd43561a8c73, wf_465a30c465904982b1a0dd435, orig_klavika_basic_light; font-size: 16px; text-align: center;\">Der Autor ist bestrebt, in allen Publikationen die Urheberrechte der verwendeten Grafiken, Tondokumente, Videosequenzen und Texte zu beachten, von ihm selbst erstellte Grafiken, Tondokumente, Videosequenzen und Texte zu nutzen oder auf lizenzfreie Grafiken, Tondokumente, Videosequenzen und Texte zur\u00fcckzugreifen.<\/span><br class=\"wixui-rich-text__text\" style=\"color: #000000; font-family: wfont_f8b99d_465a30c465904982b1a0dd43561a8c73, wf_465a30c465904982b1a0dd435, orig_klavika_basic_light; font-size: 16px; text-align: center;\" \/><span style=\"color: #000000; font-family: wfont_f8b99d_465a30c465904982b1a0dd43561a8c73, wf_465a30c465904982b1a0dd435, orig_klavika_basic_light; font-size: 16px; text-align: center;\">Alle innerhalb des Internetangebotes genannten und ggf. durch Dritte gesch\u00fctzten Marken- und Warenzeichen unterliegen uneingeschr\u00e4nkt den Bestimmungen des jeweils g\u00fcltigen Kennzeichenrechts und den Besitzrechten der jeweiligen eingetragenen Eigent\u00fcmer. Allein aufgrund der blo\u00dfen Nennung ist nicht der Schluss zu ziehen, dass Markenzeichen nicht durch Rechte Dritter gesch\u00fctzt sind!<\/span><br class=\"wixui-rich-text__text\" style=\"color: #000000; font-family: wfont_f8b99d_465a30c465904982b1a0dd43561a8c73, wf_465a30c465904982b1a0dd435, orig_klavika_basic_light; font-size: 16px; text-align: center;\" \/><span style=\"color: #000000; font-family: wfont_f8b99d_465a30c465904982b1a0dd43561a8c73, wf_465a30c465904982b1a0dd435, orig_klavika_basic_light; font-size: 16px; text-align: center;\">Das Copyright f\u00fcr ver\u00f6ffentlichte, vom Autor selbst erstellte Objekte bleibt allein beim Autor der Seiten. Eine Vervielf\u00e4ltigung oder Verwendung solcher Grafiken, Tondokumente, Videosequenzen und Texte in anderen elektronischen oder gedruckten Publikationen ist ohne ausdr\u00fcckliche Zustimmung des Autors nicht gestattet.<\/span><br class=\"wixui-rich-text__text\" style=\"color: #000000; font-family: wfont_f8b99d_465a30c465904982b1a0dd43561a8c73, wf_465a30c465904982b1a0dd435, orig_klavika_basic_light; font-size: 16px; text-align: center;\" \/><span style=\"color: #000000; font-family: wfont_f8b99d_465a30c465904982b1a0dd43561a8c73, wf_465a30c465904982b1a0dd435, orig_klavika_basic_light; font-size: 16px; text-align: center;\">\u00a0<\/span><br class=\"wixui-rich-text__text\" style=\"color: #000000; font-family: wfont_f8b99d_465a30c465904982b1a0dd43561a8c73, wf_465a30c465904982b1a0dd435, orig_klavika_basic_light; font-size: 16px; text-align: center;\" \/><br class=\"wixui-rich-text__text\" style=\"color: #000000; font-family: wfont_f8b99d_465a30c465904982b1a0dd43561a8c73, wf_465a30c465904982b1a0dd435, orig_klavika_basic_light; font-size: 16px; text-align: center;\" \/><strong><span class=\"wixui-rich-text__text\" style=\"background: transparent; border: 0px; margin: 0px; outline: 0px; padding: 0px; vertical-align: baseline; color: #000000; font-size: 16px; text-align: center; font-family: wfont_f8b99d_b8c8ef18cf6e459aa940ee21cf46b140, wf_b8c8ef18cf6e459aa940ee21c, orig_klavika_basic_medium;\">Haftungsausschluss:<\/span><\/strong><br class=\"wixui-rich-text__text\" style=\"color: #000000; font-family: wfont_f8b99d_465a30c465904982b1a0dd43561a8c73, wf_465a30c465904982b1a0dd435, orig_klavika_basic_light; font-size: 16px; text-align: center;\" \/><span style=\"color: #000000; font-family: wfont_f8b99d_465a30c465904982b1a0dd43561a8c73, wf_465a30c465904982b1a0dd435, orig_klavika_basic_light; font-size: 16px; text-align: center;\">Die Informationen auf dieser Website verstehen sich als &#8222;Aussagen an sich&#8220; ohne implizite Garantien jedweder Art. Die bereitgestellten Informationen auf dieser Website wurden sorgf\u00e4ltig gepr\u00fcft und werden regelm\u00e4\u00dfig aktualisiert. Jedoch kann keine Garantie daf\u00fcr \u00fcbernommen werden, dass alle Angaben zu jeder Zeit vollst\u00e4ndig, richtig und in letzter Aktualit\u00e4t dargestellt sind. Dies gilt insbesondere f\u00fcr alle Verbindungen (&#8222;Links&#8220;) zu anderen Web Sites, auf die direkt oder indirekt verwiesen wird. Alle Angaben k\u00f6nnen ohne vorherige Ank\u00fcndigung erg\u00e4nzt, entfernt oder ge\u00e4ndert werden. Au\u00dferdem liegt es nicht in meiner Verantwortung, Vorsichtsma\u00dfnahmen zu ergreifen gegen destruktive Programme oder Programmteile wie Viren, Worms, Trojanische Pferde o.\u00e4., die auf Webservern liegen, die m\u00f6glicherweise durch Links von meiner Website aus erreicht werden.<\/span><\/p>\t\t\t\t\t\t<\/div>\n\t\t\t\t<\/div>\n\t\t\t\t<div class=\"elementor-element elementor-element-50fa528 elementor-hidden-tablet elementor-mobile-align-center elementor-align-center elementor-widget elementor-widget-button\" data-id=\"50fa528\" data-element_type=\"widget\" data-widget_type=\"button.default\">\n\t\t\t\t<div class=\"elementor-widget-container\">\n\t\t\t\t\t<div class=\"elementor-button-wrapper\">\n\t\t\t<a class=\"elementor-button elementor-button-link elementor-size-sm elementor-animation-float\" href=\"https:\/\/poolkonfigurator.com\/poolkonfigurator\/\">\n\t\t\t\t\t\t<span class=\"elementor-button-content-wrapper\">\n\t\t\t\t\t\t<span class=\"elementor-button-text\">Jetzt konfigurieren<\/span>\n\t\t<\/span>\n\t\t\t\t\t<\/a>\n\t\t<\/div>\n\t\t\t\t<\/div>\n\t\t\t\t<\/div>\n\t\t\t\t\t<\/div>\n\t\t<\/div>\n\t\t\t\t\t\t\t<\/div>\n\t\t<\/section>\n\t\t\t\t\t<\/div>\n\t\t<\/div>\n\t\t\t\t\t\t\t<\/div>\n\t\t<\/section>\n\t\t\t\t\t<\/div>\n\t\t<\/div>\n\t\t\t\t\t\t\t<\/div>\n\t\t<\/section>\n\t\t\t\t\t\t\t<\/div>\n\t\t","protected":false},"excerpt":{"rendered":"<p>Impressum \u00a0 \u00a0Firma : Napooleon FlexCo \u00a0 \u00a0Thomas scheider gasse 9\/3 \u00a0 \u00a02201 Gerasdorf bei Wien \u00a0 \u00a0 \u00a0 \u00a0Firmenbuchnummer : 662555x \u00a0 \u00a0UID : ATU82503523 \u00a0 \u00a0Handelsgericht Korneuburg Urheber- und KennzeichenrechteDer Autor ist bestrebt, in allen Publikationen die Urheberrechte der verwendeten Grafiken, Tondokumente, Videosequenzen und Texte zu beachten, von ihm selbst erstellte Grafiken, Tondokumente,&#8230;<\/p>\n","protected":false},"author":1,"featured_media":0,"parent":0,"menu_order":0,"comment_status":"closed","ping_status":"closed","template":"","meta":{"footnotes":""},"aioseo_notices":[],"_links":{"self":[{"href":"https:\/\/poolkonfigurator.com\/de\/wp-json\/wp\/v2\/pages\/1995"}],"collection":[{"href":"https:\/\/poolkonfigurator.com\/de\/wp-json\/wp\/v2\/pages"}],"about":[{"href":"https:\/\/poolkonfigurator.com\/de\/wp-json\/wp\/v2\/types\/page"}],"author":[{"embeddable":true,"href":"https:\/\/poolkonfigurator.com\/de\/wp-json\/wp\/v2\/users\/1"}],"replies":[{"embeddable":true,"href":"https:\/\/poolkonfigurator.com\/de\/wp-json\/wp\/v2\/comments?post=1995"}],"version-history":[{"count":13,"href":"https:\/\/poolkonfigurator.com\/de\/wp-json\/wp\/v2\/pages\/1995\/revisions"}],"predecessor-version":[{"id":4944,"href":"https:\/\/poolkonfigurator.com\/de\/wp-json\/wp\/v2\/pages\/1995\/revisions\/4944"}],"wp:attachment":[{"href":"https:\/\/poolkonfigurator.com\/de\/wp-json\/wp\/v2\/media?parent=1995"}],"curies":[{"name":"wp","href":"https:\/\/api.w.org\/{rel}","templated":true}]}}